{"id":737,"date":"2023-04-11T02:39:59","date_gmt":"2023-04-11T02:39:59","guid":{"rendered":"https:\/\/demo.bravisthemes.com\/soluris\/?page_id=737"},"modified":"2026-02-16T08:37:16","modified_gmt":"2026-02-16T08:37:16","slug":"about-us-2","status":"publish","type":"page","link":"https:\/\/de.greenal.com\/?page_id=737","title":{"rendered":"About Us"},"content":{"rendered":"\t\t<div data-elementor-type=\"wp-page\" data-elementor-id=\"737\" class=\"elementor elementor-737\">\n\t\t\t\t        <section class=\"elementor-section elementor-top-section elementor-element elementor-element-f56d7b0 elementor-section-stretched elementor-section-boxed elementor-section-height-default elementor-section-height-default pxl-type-header-none pxl-bg-color-none pxl-row-scroll-none\" data-id=\"f56d7b0\" data-element_type=\"section\" data-e-type=\"section\" data-settings=\"{&quot;stretch_section&quot;:&quot;section-stretched&quot;}\">\n\n                \n                <div class=\"elementor-container elementor-column-gap-extended \">\n                <div class=\"elementor-column elementor-col-50 elementor-top-column elementor-element elementor-element-3c729b3 pxl-col-align-center pxl_section_offset-none pxl-container-width-container-1200 pxl-col-none pxl-column-none\" data-id=\"3c729b3\" data-element_type=\"column\" data-e-type=\"column\">\r\n        <div class=\"elementor-widget-wrap elementor-element-populated\">\r\n                     \r\n        \t\t<div class=\"elementor-element elementor-element-8ce1c05 elementor-widget elementor-widget-pxl_heading\" data-id=\"8ce1c05\" data-element_type=\"widget\" data-e-type=\"widget\" data-widget_type=\"pxl_heading.default\">\n\t\t\t\t<div class=\"elementor-widget-container\">\n\t\t\t\t\t<div class=\"pxl-heading inherit\">\n\t<div class=\"pxl-heading--inner\">\n\t\t\t\t<h3 class=\"pxl-item--title  highlight-default \" data-wow-delay=\"ms\" >\n\t\tQualit\u00e4tsproduktion, umweltfreundlicher Ansatz\n\n\n\n\n\t\t\t\t\n\t\t<\/h3>\n\t<\/div>\n<\/div>\n\n\t\t\t\t<\/div>\n\t\t\t\t<\/div>\n\t\t\t\t<div class=\"elementor-element elementor-element-769fa86 elementor-widget elementor-widget-pxl_text_editor\" data-id=\"769fa86\" data-element_type=\"widget\" data-e-type=\"widget\" data-widget_type=\"pxl_text_editor.default\">\n\t\t\t\t<div class=\"elementor-widget-container\">\n\t\t\t\t\t<div class=\"pxl-text-editor\">\n\t<div class=\"pxl-item--inner  ft-theme\" data-wow-delay=\"ms\">\n\t\t<p data-start=\"215\" data-end=\"318\">\u00a0<\/p><p data-start=\"215\" data-end=\"318\">Greenal Aluminium hat im Jahr <strong data-start=\"245\" data-end=\"253\">2024<\/strong> seine Aktivit\u00e4ten im Bereich der Aluminiumextrusion aufgenommen.<\/p><p data-start=\"320\" data-end=\"721\">Unser Unternehmen mit Hauptsitz in <strong data-start=\"355\" data-end=\"367\">Istanbul<\/strong> und Produktionsst\u00e4tten in <strong data-start=\"394\" data-end=\"405\">Karab\u00fck<\/strong> bringt ein neues Verst\u00e4ndnis in die Aluminiumextrusionsbranche. Mit dem Prinzip des Respekts vor der Natur und dem Fokus auf Nachhaltigkeit setzen wir moderne Technologien ein und betreiben alle erforderlichen Qualit\u00e4tssysteme, um zahlreichen Branchen Produkte und Dienstleistungen von h\u00f6chster Qualit\u00e4t anzubieten.<\/p><p data-start=\"723\" data-end=\"1089\">Auf unserer Reise, einen Mehrwert f\u00fcr die t\u00fcrkische Wirtschaft zu schaffen und Teil innovativer Projekte zu sein, sind wir heute in vielen Teilen der Welt aktiv. Wir setzen unsere Arbeit fort, um unseren Gesch\u00e4ftspartnern die zuverl\u00e4ssigsten und schnellsten L\u00f6sungen f\u00fcr die Herstellung und Lieferung von Produkten zu bieten, die ihre Anforderungen optimal erf\u00fcllen.<\/p><p data-start=\"723\" data-end=\"1089\">\u00a0<\/p>\t<\/div>\n<\/div>\t\t\t\t<\/div>\n\t\t\t\t<\/div>\n\t\t\t\t<div class=\"elementor-element elementor-element-b9880c6 elementor-widget elementor-widget-pxl_text_editor\" data-id=\"b9880c6\" data-element_type=\"widget\" data-e-type=\"widget\" data-widget_type=\"pxl_text_editor.default\">\n\t\t\t\t<div class=\"elementor-widget-container\">\n\t\t\t\t\t<div class=\"pxl-text-editor\">\n\t<div class=\"pxl-item--inner  ft-theme\" data-wow-delay=\"ms\">\n\t\t<p data-start=\"1104\" data-end=\"1293\">\u00a0<\/p><p data-start=\"1104\" data-end=\"1293\">Gemeinsam mit unseren Mitarbeitern pr\u00fcfen, analysieren und optimieren wir jede Anfrage von der Bestellung bis zum Versand, mit dem Ziel, stets bessere und perfektere Ergebnisse zu erzielen.<\/p><p data-start=\"1104\" data-end=\"1293\">\u00a0<\/p><p data-start=\"1295\" data-end=\"1591\">Als Greenal Aluminium verfolgen wir das Ziel, einen Beitrag zur Verbesserung unserer Welt zu leisten und die Umweltauswirkungen unserer Aktivit\u00e4ten zu minimieren. Mit unseren Systemen, die den internationalen Qualit\u00e4tsstandards entsprechen, schaffen wir nachhaltigen Mehrwert f\u00fcr unsere Prozesse.<\/p><p data-start=\"1593\" data-end=\"1904\">Wir sind uns unserer Verantwortung gegen\u00fcber der Gesellschaft bewusst und handeln gemeinsam mit allen Mitgliedern der Greenal-Familie entsprechend. Durch enge Zusammenarbeit setzen wir uns daf\u00fcr ein, unsere \u00f6kologischen und sozialen Verpflichtungen in der Branche, in der wir t\u00e4tig sind, konsequent zu erf\u00fcllen.<\/p>\t<\/div>\n<\/div>\t\t\t\t<\/div>\n\t\t\t\t<\/div>\n\t\t\t\t<div class=\"elementor-element elementor-element-b3bf25b elementor-widget-divider--view-line elementor-widget elementor-widget-divider\" data-id=\"b3bf25b\" data-element_type=\"widget\" data-e-type=\"widget\" data-widget_type=\"divider.default\">\n\t\t\t\t\t\t\t<div class=\"elementor-divider\">\n\t\t\t<span class=\"elementor-divider-separator\">\n\t\t\t\t\t\t<\/span>\n\t\t<\/div>\n\t\t\t\t\t\t<\/div>\n\t\t            <\/div>\r\n        <\/div>\r\n                <aside class=\"elementor-column elementor-col-50 elementor-top-column elementor-element elementor-element-03c276f pxl_section_offset-none pxl-container-width-container-1200 pxl-col-none pxl-column-none\" data-id=\"03c276f\" data-element_type=\"column\" data-e-type=\"column\">\r\n        <div class=\"elementor-widget-wrap elementor-element-populated\">\r\n                     \r\n        \t\t<div class=\"elementor-element elementor-element-5edb2cd elementor-widget elementor-widget-pxl_heading\" data-id=\"5edb2cd\" data-element_type=\"widget\" data-e-type=\"widget\" data-widget_type=\"pxl_heading.default\">\n\t\t\t\t<div class=\"elementor-widget-container\">\n\t\t\t\t\t<div class=\"pxl-heading inherit\">\n\t<div class=\"pxl-heading--inner\">\n\t\t\t\t<h3 class=\"pxl-item--title  highlight-default \" data-wow-delay=\"ms\" >\n\t\t Unsere Mission\n\n\n\n\t\t\t\t\n\t\t<\/h3>\n\t<\/div>\n<\/div>\n\n\t\t\t\t<\/div>\n\t\t\t\t<\/div>\n\t\t\t\t<div class=\"elementor-element elementor-element-cd0ed79 elementor-widget elementor-widget-pxl_text_editor\" data-id=\"cd0ed79\" data-element_type=\"widget\" data-e-type=\"widget\" data-widget_type=\"pxl_text_editor.default\">\n\t\t\t\t<div class=\"elementor-widget-container\">\n\t\t\t\t\t<div class=\"pxl-text-editor\">\n\t<div class=\"pxl-item--inner  ft-theme\" data-wow-delay=\"ms\">\n\t\t<p>\u00a0<\/p><p>Unsere Mission ist es, ein f\u00fchrender Anbieter hochwertiger und innovativer Aluminium-Extrusionsl\u00f6sungen zu sein und nachhaltiges Wachstum durch modernste Technologie, operative Exzellenz und kompromisslose Kundenzufriedenheit zu f\u00f6rdern.<\/p><p>\u00a0<\/p><p>\u00a0<\/p><p>\u00a0<\/p><p>\u00a0<\/p>\t<\/div>\n<\/div>\t\t\t\t<\/div>\n\t\t\t\t<\/div>\n\t\t\t\t<div class=\"elementor-element elementor-element-fc2ddfa elementor-widget elementor-widget-pxl_image\" data-id=\"fc2ddfa\" data-element_type=\"widget\" data-e-type=\"widget\" data-widget_type=\"pxl_image.default\">\n\t\t\t\t<div class=\"elementor-widget-container\">\n\t\t\t\t\t<div class=\"pxl-image-single no  \" data-wow-delay=\"ms\" data-maxtilt=\"\" data-speedtilt=\"\">\r\n                        <div class=\"pxl-item--inner\">\r\n                                    <img fetchpriority=\"high\" decoding=\"async\" width=\"1200\" height=\"628\" src=\"https:\/\/de.greenal.com\/wp-content\/uploads\/2026\/01\/vision-and-mission-.png\" class=\"no-lazyload attachment-full\" alt=\"\" \/>                            <\/div>\r\n            <\/div> \t\t\t\t<\/div>\n\t\t\t\t<\/div>\n\t\t\t\t<div class=\"elementor-element elementor-element-672b581 elementor-widget elementor-widget-pxl_heading\" data-id=\"672b581\" data-element_type=\"widget\" data-e-type=\"widget\" data-widget_type=\"pxl_heading.default\">\n\t\t\t\t<div class=\"elementor-widget-container\">\n\t\t\t\t\t<div class=\"pxl-heading inherit\">\n\t<div class=\"pxl-heading--inner\">\n\t\t\t\t<h3 class=\"pxl-item--title  highlight-default \" data-wow-delay=\"ms\" >\n\t\t\n\n\nUnsere Vision\n\n\n\n\t\t\t\t\n\t\t<\/h3>\n\t<\/div>\n<\/div>\n\n\t\t\t\t<\/div>\n\t\t\t\t<\/div>\n\t\t\t\t<div class=\"elementor-element elementor-element-723ab46 elementor-widget elementor-widget-pxl_text_editor\" data-id=\"723ab46\" data-element_type=\"widget\" data-e-type=\"widget\" data-widget_type=\"pxl_text_editor.default\">\n\t\t\t\t<div class=\"elementor-widget-container\">\n\t\t\t\t\t<div class=\"pxl-text-editor\">\n\t<div class=\"pxl-item--inner  ft-theme\" data-wow-delay=\"ms\">\n\t\t<p>\u00a0<\/p><p>Unsere Vision, die auf Innovation und Nachhaltigkeit basiert, ist es, weltweit als f\u00fchrender Anbieter von Aluminium-Extrusionsl\u00f6sungen anerkannt zu werden. Durch kontinuierliche Weiterentwicklung streben wir danach, die Branche mit modernster Technologie, operativer Exzellenz und verantwortungsvollem Umweltmanagement anzuf\u00fchren. Wir bleiben stets kundenorientiert, schaffen langfristigen Mehrwert f\u00fcr unsere Stakeholder und leisten einen positiven Beitrag f\u00fcr die Gemeinschaften, denen wir dienen.<\/p>\t<\/div>\n<\/div>\t\t\t\t<\/div>\n\t\t\t\t<\/div>\n\t\t\t\t<div class=\"elementor-element elementor-element-86957e8 elementor-widget elementor-widget-pxl_text_editor\" data-id=\"86957e8\" data-element_type=\"widget\" data-e-type=\"widget\" data-widget_type=\"pxl_text_editor.default\">\n\t\t\t\t<div class=\"elementor-widget-container\">\n\t\t\t\t\t<div class=\"pxl-text-editor\">\n\t<div class=\"pxl-item--inner  ft-theme\" data-wow-delay=\"ms\">\n\t\t\t<\/div>\n<\/div>\t\t\t\t<\/div>\n\t\t\t\t<\/div>\n\t\t\t\t<div class=\"elementor-element elementor-element-694e709 elementor-widget-divider--view-line elementor-widget elementor-widget-divider\" data-id=\"694e709\" data-element_type=\"widget\" data-e-type=\"widget\" data-widget_type=\"divider.default\">\n\t\t\t\t\t\t\t<div class=\"elementor-divider\">\n\t\t\t<span class=\"elementor-divider-separator\">\n\t\t\t\t\t\t<\/span>\n\t\t<\/div>\n\t\t\t\t\t\t<\/div>\n\t\t            <\/div>\r\n        <\/aside>\r\n        \t\t\t<\/div>\n\t\t<\/section>\n\t\t\t\t<\/div>\n\t\t","protected":false},"excerpt":{"rendered":"<p>Qualit\u00e4tsproduktion, umweltfreundlicher Ansatz \u00a0 Greenal Aluminium hat im Jahr 2024 seine Aktivit\u00e4ten im Bereich der Aluminiumextrusion aufgenommen. Unser Unternehmen mit Hauptsitz in Istanbul und Produktionsst\u00e4tten in Karab\u00fck bringt ein neues Verst\u00e4ndnis in die Aluminiumextrusionsbranche. Mit dem Prinzip des Respekts vor der Natur und dem Fokus auf Nachhaltigkeit setzen wir moderne Technologien ein und betreiben alle [&hellip;]<\/p>\n","protected":false},"author":1,"featured_media":0,"parent":0,"menu_order":0,"comment_status":"closed","ping_status":"closed","template":"","meta":{"footnotes":""},"class_list":["post-737","page","type-page","status-publish","hentry"],"_links":{"self":[{"href":"https:\/\/de.greenal.com\/index.php?rest_route=\/wp\/v2\/pages\/737","targetHints":{"allow":["GET"]}}],"collection":[{"href":"https:\/\/de.greenal.com\/index.php?rest_route=\/wp\/v2\/pages"}],"about":[{"href":"https:\/\/de.greenal.com\/index.php?rest_route=\/wp\/v2\/types\/page"}],"author":[{"embeddable":true,"href":"https:\/\/de.greenal.com\/index.php?rest_route=\/wp\/v2\/users\/1"}],"replies":[{"embeddable":true,"href":"https:\/\/de.greenal.com\/index.php?rest_route=%2Fwp%2Fv2%2Fcomments&post=737"}],"version-history":[{"count":10,"href":"https:\/\/de.greenal.com\/index.php?rest_route=\/wp\/v2\/pages\/737\/revisions"}],"predecessor-version":[{"id":5079,"href":"https:\/\/de.greenal.com\/index.php?rest_route=\/wp\/v2\/pages\/737\/revisions\/5079"}],"wp:attachment":[{"href":"https:\/\/de.greenal.com\/index.php?rest_route=%2Fwp%2Fv2%2Fmedia&parent=737"}],"curies":[{"name":"wp","href":"https:\/\/api.w.org\/{rel}","templated":true}]}}