{"id":5144,"date":"2026-01-23T20:51:49","date_gmt":"2026-01-23T20:51:49","guid":{"rendered":"https:\/\/de.greenal.com\/?page_id=5144"},"modified":"2026-02-16T10:31:47","modified_gmt":"2026-02-16T10:31:47","slug":"carbon-fusabdruck-politik","status":"publish","type":"page","link":"https:\/\/de.greenal.com\/?page_id=5144","title":{"rendered":"Carbon Fu\u00dfabdruck Politik"},"content":{"rendered":"\t\t<div data-elementor-type=\"wp-page\" data-elementor-id=\"5144\" class=\"elementor elementor-5144\">\n\t\t\t\t<div class=\"elementor-element elementor-element-f28a0cc e-flex e-con-boxed e-con e-parent \" data-id=\"f28a0cc\" data-element_type=\"container\" data-e-type=\"container\">\t\t\t<div class=\"e-con-inner\">\r\n\t\t<div class=\"elementor-element elementor-element-880b8ed e-con-full e-flex e-con e-child \" data-id=\"880b8ed\" data-element_type=\"container\" data-e-type=\"container\">\t\t<div class=\"elementor-element elementor-element-55547ca elementor-widget elementor-widget-pxl_image\" data-id=\"55547ca\" data-element_type=\"widget\" data-e-type=\"widget\" data-widget_type=\"pxl_image.default\">\n\t\t\t\t<div class=\"elementor-widget-container\">\n\t\t\t\t\t<div class=\"pxl-image-single no  \" data-wow-delay=\"ms\" data-maxtilt=\"\" data-speedtilt=\"\">\r\n                        <div class=\"pxl-item--inner\">\r\n                                    <img fetchpriority=\"high\" decoding=\"async\" width=\"750\" height=\"1102\" src=\"https:\/\/de.greenal.com\/wp-content\/uploads\/2026\/01\/standart-profiller-sss2.jpg\" class=\"no-lazyload attachment-full\" alt=\"\" \/>                            <\/div>\r\n            <\/div> \t\t\t\t<\/div>\n\t\t\t\t<\/div>\n\t\t\t\t<\/div>\r\n\t\t<div class=\"elementor-element elementor-element-b7b0a1d e-con-full e-flex e-con e-child \" data-id=\"b7b0a1d\" data-element_type=\"container\" data-e-type=\"container\">\t\t<div class=\"elementor-element elementor-element-b06015f elementor-widget elementor-widget-pxl_text_editor\" data-id=\"b06015f\" data-element_type=\"widget\" data-e-type=\"widget\" data-widget_type=\"pxl_text_editor.default\">\n\t\t\t\t<div class=\"elementor-widget-container\">\n\t\t\t\t\t<div class=\"pxl-text-editor\">\n\t<div class=\"pxl-item--inner  ft-theme\" data-wow-delay=\"ms\">\n\t\t<p class=\"isSelectedEnd\">Als Greenal Aluminium sind wir uns der Bedeutung \u00f6kologischer Nachhaltigkeit bewusst und verpflichten uns, den Carbon-Fu\u00dfabdruck unserer Aluminium-Extrusionsaktivit\u00e4ten in allen Bereichen konsequent zu minimieren. Unsere Carbon-Fu\u00dfabdruck-Politik basiert auf den folgenden Grunds\u00e4tzen und Ma\u00dfnahmen:<\/p><p class=\"isSelectedEnd\"><strong>Reduzierung der CO\u2082-Emissionen:<\/strong><br \/>Wir setzen messbare Ziele zur Reduzierung der CO\u2082-Emissionen, die aus unseren Produktionsprozessen, Transportaktivit\u00e4ten und unserem Energieverbrauch resultieren. Diese Ziele werden regelm\u00e4\u00dfig \u00fcberpr\u00fcft und aktualisiert, um eine kontinuierliche Verbesserung sicherzustellen.<\/p><p class=\"isSelectedEnd\"><strong>Energieeffizienz:<\/strong><br \/>Zur Optimierung unserer Produktionsprozesse und zur Senkung des Energieverbrauchs investieren wir in energieeffiziente Technologien und Anwendungen. Dazu geh\u00f6ren die Modernisierung von Anlagen, die Implementierung von Energiemanagementsystemen sowie regelm\u00e4\u00dfige Energieaudits.<\/p><p class=\"isSelectedEnd\"><strong>Einsatz erneuerbarer Energien:<\/strong><br \/>Wann immer m\u00f6glich, priorisieren wir den Einsatz erneuerbarer Energiequellen wie Solar- und Windenergie zur Versorgung unserer Anlagen. Dar\u00fcber hinaus pr\u00fcfen wir kontinuierlich M\u00f6glichkeiten zur Eigenproduktion erneuerbarer Energie sowie Partnerschaften mit entsprechenden Energieanbietern.<\/p><p class=\"isSelectedEnd\"><strong>Abfallmanagement:<\/strong><br \/>Wir setzen Ma\u00dfnahmen zur Abfallreduzierung um und f\u00f6rdern die Wiederverwendung sowie das Recycling von Materialien in unseren Betrieben. Dies umfasst die Optimierung des Materialeinsatzes, die Trennung von Abfallstr\u00f6men und die Entwicklung innovativer L\u00f6sungen zur Wiederverwertung von Abf\u00e4llen.<\/p><p class=\"isSelectedEnd\"><strong>Effiziente Logistik und Transport:<\/strong><br \/>Zur Minimierung der CO\u2082-Emissionen im Zusammenhang mit dem Transport von Rohstoffen, Fertigprodukten sowie dem Arbeitsweg unserer Mitarbeitenden optimieren wir unsere Logistikprozesse. Dazu z\u00e4hlen Routenoptimierungen, Verbesserungen der Fahrzeug-effizienz und die F\u00f6rderung alternativer Mobilit\u00e4tsl\u00f6sungen.<\/p><p class=\"isSelectedEnd\"><strong>Einbindung der Mitarbeitenden:<\/strong><br \/>Wir sensibilisieren und schulen unsere Mitarbeitenden hinsichtlich der Bedeutung der Reduzierung unseres Carbon-Fu\u00dfabdrucks und ermutigen sie, aktiv Ideen und Verbesserungsvorschl\u00e4ge einzubringen. Nachhaltige Praktiken werden durch gezielte Schulungen gef\u00f6rdert und in den Arbeitsalltag integriert.<\/p><p class=\"isSelectedEnd\"><strong>Zusammenarbeit mit Stakeholdern:<\/strong><br \/>Zur gemeinsamen Reduzierung des Carbon-Fu\u00dfabdrucks arbeiten wir eng mit unseren Kunden, Lieferanten und weiteren Stakeholdern entlang der gesamten Lieferkette zusammen. Dies beinhaltet den Austausch bew\u00e4hrter Verfahren, die Festlegung gemeinsamer Nachhaltigkeitsziele sowie die F\u00f6rderung von Transparenz in der CO\u2082-Berichterstattung.<\/p><p class=\"isSelectedEnd\"><strong>Kontinuierliche \u00dcberwachung und Berichterstattung:<\/strong><br \/>Wir implementieren zuverl\u00e4ssige \u00dcberwachungssysteme zur Erfassung unserer CO\u2082-Emissionen und zur Nachverfolgung unserer Reduktionsziele. Unsere Carbon-Fu\u00dfabdruck-Leistung berichten wir regelm\u00e4\u00dfig und transparent gegen\u00fcber relevanten Stakeholdern und nutzen deren Feedback zur weiteren Verbesserung.<\/p><p class=\"isSelectedEnd\"><strong>Innovation und Forschung:<\/strong><br \/>Zur weiteren Reduzierung unseres Carbon-Fu\u00dfabdrucks investieren wir kontinuierlich in Forschung und Entwicklung neuer Technologien und Prozesse, die zur F\u00f6rderung der Nachhaltigkeit in der Aluminium-Extrusionsindustrie beitragen.<\/p><p class=\"isSelectedEnd\">Diese Carbon-Fu\u00dfabdruck-Politik unterstreicht das langfristige Engagement von Greenal Aluminium f\u00fcr Klimaschutz, Ressourceneffizienz und nachhaltiges Wirtschaften.<\/p><p><strong>Greenal Aluminium<br \/>Vorstand<\/strong><\/p>\t<\/div>\n<\/div>\t\t\t\t<\/div>\n\t\t\t\t<\/div>\n\t\t\t\t<\/div>\r\n\t\t\t\t\t<\/div>\r\n\t\t\t\t<\/div>\r\n\t\t\t\t<\/div>\n\t\t","protected":false},"excerpt":{"rendered":"<p>Als Greenal Aluminium sind wir uns der Bedeutung \u00f6kologischer Nachhaltigkeit bewusst und verpflichten uns, den Carbon-Fu\u00dfabdruck unserer Aluminium-Extrusionsaktivit\u00e4ten in allen Bereichen konsequent zu minimieren. Unsere Carbon-Fu\u00dfabdruck-Politik basiert auf den folgenden Grunds\u00e4tzen und Ma\u00dfnahmen: Reduzierung der CO\u2082-Emissionen:Wir setzen messbare Ziele zur Reduzierung der CO\u2082-Emissionen, die aus unseren Produktionsprozessen, Transportaktivit\u00e4ten und unserem Energieverbrauch resultieren. Diese Ziele werden [&hellip;]<\/p>\n","protected":false},"author":1,"featured_media":0,"parent":0,"menu_order":0,"comment_status":"closed","ping_status":"closed","template":"","meta":{"footnotes":""},"class_list":["post-5144","page","type-page","status-publish","hentry"],"_links":{"self":[{"href":"https:\/\/de.greenal.com\/index.php?rest_route=\/wp\/v2\/pages\/5144","targetHints":{"allow":["GET"]}}],"collection":[{"href":"https:\/\/de.greenal.com\/index.php?rest_route=\/wp\/v2\/pages"}],"about":[{"href":"https:\/\/de.greenal.com\/index.php?rest_route=\/wp\/v2\/types\/page"}],"author":[{"embeddable":true,"href":"https:\/\/de.greenal.com\/index.php?rest_route=\/wp\/v2\/users\/1"}],"replies":[{"embeddable":true,"href":"https:\/\/de.greenal.com\/index.php?rest_route=%2Fwp%2Fv2%2Fcomments&post=5144"}],"version-history":[{"count":10,"href":"https:\/\/de.greenal.com\/index.php?rest_route=\/wp\/v2\/pages\/5144\/revisions"}],"predecessor-version":[{"id":5165,"href":"https:\/\/de.greenal.com\/index.php?rest_route=\/wp\/v2\/pages\/5144\/revisions\/5165"}],"wp:attachment":[{"href":"https:\/\/de.greenal.com\/index.php?rest_route=%2Fwp%2Fv2%2Fmedia&parent=5144"}],"curies":[{"name":"wp","href":"https:\/\/api.w.org\/{rel}","templated":true}]}}