{"id":5136,"date":"2026-01-23T20:32:45","date_gmt":"2026-01-23T20:32:45","guid":{"rendered":"https:\/\/de.greenal.com\/?page_id=5136"},"modified":"2026-02-16T10:30:37","modified_gmt":"2026-02-16T10:30:37","slug":"personalpolitik","status":"publish","type":"page","link":"https:\/\/de.greenal.com\/?page_id=5136","title":{"rendered":"Personalpolitik"},"content":{"rendered":"\t\t<div data-elementor-type=\"wp-page\" data-elementor-id=\"5136\" class=\"elementor elementor-5136\">\n\t\t\t\t<div class=\"elementor-element elementor-element-cb2674f e-flex e-con-boxed e-con e-parent \" data-id=\"cb2674f\" data-element_type=\"container\" data-e-type=\"container\">\t\t\t<div class=\"e-con-inner\">\r\n\t\t<div class=\"elementor-element elementor-element-925f831 e-con-full e-flex e-con e-child \" data-id=\"925f831\" data-element_type=\"container\" data-e-type=\"container\">\t\t<div class=\"elementor-element elementor-element-4554046 elementor-widget elementor-widget-pxl_image\" data-id=\"4554046\" data-element_type=\"widget\" data-e-type=\"widget\" data-widget_type=\"pxl_image.default\">\n\t\t\t\t<div class=\"elementor-widget-container\">\n\t\t\t\t\t<div class=\"pxl-image-single no  \" data-wow-delay=\"ms\" data-maxtilt=\"\" data-speedtilt=\"\">\r\n                        <div class=\"pxl-item--inner\">\r\n                                    <img fetchpriority=\"high\" decoding=\"async\" width=\"491\" height=\"556\" src=\"https:\/\/de.greenal.com\/wp-content\/uploads\/2026\/01\/greenal-slider-ik-1.jpg\" class=\"no-lazyload attachment-full\" alt=\"\" \/>                            <\/div>\r\n            <\/div> \t\t\t\t<\/div>\n\t\t\t\t<\/div>\n\t\t\t\t<\/div>\r\n\t\t<div class=\"elementor-element elementor-element-b6d2a39 e-con-full e-flex e-con e-child \" data-id=\"b6d2a39\" data-element_type=\"container\" data-e-type=\"container\">\t\t<div class=\"elementor-element elementor-element-cf66b81 elementor-widget elementor-widget-pxl_text_editor\" data-id=\"cf66b81\" data-element_type=\"widget\" data-e-type=\"widget\" data-widget_type=\"pxl_text_editor.default\">\n\t\t\t\t<div class=\"elementor-widget-container\">\n\t\t\t\t\t<div class=\"pxl-text-editor\">\n\t<div class=\"pxl-item--inner  ft-theme\" data-wow-delay=\"ms\">\n\t\t<p>Als Greenal betrachten wir \u2013 in \u00dcbereinstimmung mit der Personalpolitik unserer Muttergesellschaft MRZ Holding \u2013 das Wohlbefinden, die Gesundheit und die Zufriedenheit unserer Mitarbeitenden als h\u00f6chste Priorit\u00e4t. Diese Politik spiegelt unser Engagement wider, ein faires, unterst\u00fctzendes und entwicklungsf\u00f6rderndes Arbeitsumfeld zu schaffen und die pers\u00f6nliche sowie berufliche Weiterentwicklung unserer Mitarbeitenden aktiv zu f\u00f6rdern.<\/p>\t<\/div>\n<\/div>\t\t\t\t<\/div>\n\t\t\t\t<\/div>\n\t\t\t\t<\/div>\r\n\t\t<div class=\"elementor-element elementor-element-993b1ef e-con-full e-flex e-con e-child \" data-id=\"993b1ef\" data-element_type=\"container\" data-e-type=\"container\">\t\t<div class=\"elementor-element elementor-element-ff118e1 elementor-widget elementor-widget-pxl_text_editor\" data-id=\"ff118e1\" data-element_type=\"widget\" data-e-type=\"widget\" data-widget_type=\"pxl_text_editor.default\">\n\t\t\t\t<div class=\"elementor-widget-container\">\n\t\t\t\t\t<div class=\"pxl-text-editor\">\n\t<div class=\"pxl-item--inner  ft-theme\" data-wow-delay=\"ms\">\n\t\t<ol><li class=\"isSelectedEnd\">Wir sch\u00fctzen die Rechte aller Mitarbeitenden mit Respekt und bekennen uns ausdr\u00fccklich zum Grundsatz der Gleichbehandlung. Diskriminierung aufgrund von Herkunft, Geschlecht, Religion, Alter oder aus anderen Gr\u00fcnden lehnen wir strikt ab. In allen Prozessen wie Einstellung, Bef\u00f6rderung, Weiterbildung und weiteren arbeitsbezogenen Entscheidungen handeln wir fair, objektiv und unparteiisch.<\/li><li class=\"isSelectedEnd\">In unseren Rekrutierungsprozessen legen wir gro\u00dfen Wert auf einen respektvollen Umgang mit Menschen sowie auf Transparenz und offene Kommunikation. Wir bewerten Bewerberinnen und Bewerber anhand objektiver Kriterien und treffen Personalentscheidungen stets im Einklang mit gesetzlichen Vorgaben und ethischen Standards.<\/li><li class=\"isSelectedEnd\">Wir verpflichten uns zur Einhaltung h\u00f6chster Standards im Bereich Arbeits- und Gesundheitsschutz. Durch regelm\u00e4\u00dfige Schulungen, pr\u00e4ventive Ma\u00dfnahmen und kontinuierliche Risikobewertungen stellen wir sicher, dass unsere Mitarbeitenden ihre T\u00e4tigkeiten in einem sicheren und gesunden Arbeitsumfeld aus\u00fcben k\u00f6nnen. Die Sicherheit und Gesundheit unserer Mitarbeitenden und Besucher hat in allen Bereichen oberste Priorit\u00e4t.<\/li><li class=\"isSelectedEnd\">Wir unterst\u00fctzen und f\u00f6rdern gezielt die pers\u00f6nliche und berufliche Entwicklung unserer Mitarbeitenden. Durch Schulungs- und Weiterbildungsangebote erm\u00f6glichen wir es ihnen, ihre F\u00e4higkeiten und Potenziale vollst\u00e4ndig zu entfalten. Kontinuierliches Lernen, Talententwicklung und die Unterst\u00fctzung individueller Karriereziele sind feste Bestandteile unserer Personalstrategie.<\/li><li class=\"isSelectedEnd\">Wir erkennen an, dass offene und effektive Kommunikation entscheidend f\u00fcr den Unternehmenserfolg ist. Daher f\u00f6rdern wir eine ehrliche, respektvolle und transparente Kommunikationskultur und ermutigen unsere Mitarbeitenden, ihre Ideen einzubringen und aktiv zur Zielerreichung des Unternehmens beizutragen.<\/li><li class=\"isSelectedEnd\">Durch geeignete Arbeitsbedingungen und mitarbeiterorientierte Ma\u00dfnahmen streben wir eine hohe Zufriedenheit und ein nachhaltiges Wohlbefinden unserer Mitarbeitenden an. Zus\u00e4tzlich erleichtern wir den Zugang zu Gesundheits-, psychologischen Unterst\u00fctzungs- und weiteren Beratungsangeboten.<\/li><li class=\"isSelectedEnd\">Im Rahmen unseres Personalmanagements integrieren wir Nachhaltigkeitsprinzipien in unsere Arbeitsweise. Wir setzen uns f\u00fcr den Schutz nat\u00fcrlicher Ressourcen, die Reduzierung von Abf\u00e4llen und die Steigerung der Energieeffizienz ein und sensibilisieren unsere Mitarbeitenden aktiv f\u00fcr nachhaltiges Handeln.<\/li><li class=\"isSelectedEnd\">Wir definieren klare Ziele, bewerten Leistungen regelm\u00e4\u00dfig und unterst\u00fctzen unsere Mitarbeitenden durch konstruktives Feedback und gezielte F\u00f6rderma\u00dfnahmen. Zur Steigerung der Effizienz \u00fcberpr\u00fcfen wir unsere Prozesse kontinuierlich und identifizieren fortlaufend Verbesserungspotenziale.<\/li><\/ol><p>Diese Personalpolitik bildet die Grundlage der Human-Resources-Grunds\u00e4tze von Greenal und wird kontinuierlich durch unsere Personalabteilung weiterentwickelt, um allen Mitarbeitenden ein faires, unterst\u00fctzendes und erf\u00fcllendes Arbeitsumfeld zu bieten.<\/p>\t<\/div>\n<\/div>\t\t\t\t<\/div>\n\t\t\t\t<\/div>\n\t\t\t\t<\/div>\r\n\t\t\t\t\t<\/div>\r\n\t\t\t\t<\/div>\r\n\t\t\t\t<\/div>\n\t\t","protected":false},"excerpt":{"rendered":"<p>Als Greenal betrachten wir \u2013 in \u00dcbereinstimmung mit der Personalpolitik unserer Muttergesellschaft MRZ Holding \u2013 das Wohlbefinden, die Gesundheit und die Zufriedenheit unserer Mitarbeitenden als h\u00f6chste Priorit\u00e4t. Diese Politik spiegelt unser Engagement wider, ein faires, unterst\u00fctzendes und entwicklungsf\u00f6rderndes Arbeitsumfeld zu schaffen und die pers\u00f6nliche sowie berufliche Weiterentwicklung unserer Mitarbeitenden aktiv zu f\u00f6rdern. Wir sch\u00fctzen die [&hellip;]<\/p>\n","protected":false},"author":1,"featured_media":0,"parent":0,"menu_order":0,"comment_status":"closed","ping_status":"closed","template":"","meta":{"footnotes":""},"class_list":["post-5136","page","type-page","status-publish","hentry"],"_links":{"self":[{"href":"https:\/\/de.greenal.com\/index.php?rest_route=\/wp\/v2\/pages\/5136","targetHints":{"allow":["GET"]}}],"collection":[{"href":"https:\/\/de.greenal.com\/index.php?rest_route=\/wp\/v2\/pages"}],"about":[{"href":"https:\/\/de.greenal.com\/index.php?rest_route=\/wp\/v2\/types\/page"}],"author":[{"embeddable":true,"href":"https:\/\/de.greenal.com\/index.php?rest_route=\/wp\/v2\/users\/1"}],"replies":[{"embeddable":true,"href":"https:\/\/de.greenal.com\/index.php?rest_route=%2Fwp%2Fv2%2Fcomments&post=5136"}],"version-history":[{"count":4,"href":"https:\/\/de.greenal.com\/index.php?rest_route=\/wp\/v2\/pages\/5136\/revisions"}],"predecessor-version":[{"id":5142,"href":"https:\/\/de.greenal.com\/index.php?rest_route=\/wp\/v2\/pages\/5136\/revisions\/5142"}],"wp:attachment":[{"href":"https:\/\/de.greenal.com\/index.php?rest_route=%2Fwp%2Fv2%2Fmedia&parent=5136"}],"curies":[{"name":"wp","href":"https:\/\/api.w.org\/{rel}","templated":true}]}}