{"id":5130,"date":"2026-01-23T20:05:33","date_gmt":"2026-01-23T20:05:33","guid":{"rendered":"https:\/\/de.greenal.com\/?page_id=5130"},"modified":"2026-02-16T10:28:28","modified_gmt":"2026-02-16T10:28:28","slug":"umwelt-und-gesundheitspolitik","status":"publish","type":"page","link":"https:\/\/de.greenal.com\/?page_id=5130","title":{"rendered":"Umwelt- und Gesundheitspolitik"},"content":{"rendered":"\t\t<div data-elementor-type=\"wp-page\" data-elementor-id=\"5130\" class=\"elementor elementor-5130\">\n\t\t\t\t<div class=\"elementor-element elementor-element-636689b e-flex e-con-boxed e-con e-parent \" data-id=\"636689b\" data-element_type=\"container\" data-e-type=\"container\">\t\t\t<div class=\"e-con-inner\">\r\n\t\t<div class=\"elementor-element elementor-element-a6c5446 e-con-full e-flex e-con e-child \" data-id=\"a6c5446\" data-element_type=\"container\" data-e-type=\"container\">\t\t<div class=\"elementor-element elementor-element-c357b39 elementor-widget elementor-widget-pxl_image\" data-id=\"c357b39\" data-element_type=\"widget\" data-e-type=\"widget\" data-widget_type=\"pxl_image.default\">\n\t\t\t\t<div class=\"elementor-widget-container\">\n\t\t\t\t\t<div class=\"pxl-image-single no  \" data-wow-delay=\"ms\" data-maxtilt=\"\" data-speedtilt=\"\">\r\n                        <div class=\"pxl-item--inner\">\r\n                                    <img fetchpriority=\"high\" decoding=\"async\" width=\"491\" height=\"556\" src=\"https:\/\/de.greenal.com\/wp-content\/uploads\/2026\/01\/greenal-banner-2S2332.jpg\" class=\"no-lazyload attachment-full\" alt=\"\" \/>                            <\/div>\r\n            <\/div> \t\t\t\t<\/div>\n\t\t\t\t<\/div>\n\t\t\t\t<\/div>\r\n\t\t<div class=\"elementor-element elementor-element-5fe1402 e-con-full e-flex e-con e-child \" data-id=\"5fe1402\" data-element_type=\"container\" data-e-type=\"container\">\t\t<div class=\"elementor-element elementor-element-f62d7d0 elementor-widget elementor-widget-pxl_text_editor\" data-id=\"f62d7d0\" data-element_type=\"widget\" data-e-type=\"widget\" data-widget_type=\"pxl_text_editor.default\">\n\t\t\t\t<div class=\"elementor-widget-container\">\n\t\t\t\t\t<div class=\"pxl-text-editor\">\n\t<div class=\"pxl-item--inner  ft-theme\" data-wow-delay=\"ms\">\n\t\t<p>Als Greenal verpflichten wir uns mit unserer Umwelt- und Gesundheitspolitik dazu, die Umweltauswirkungen unserer Gesch\u00e4ftst\u00e4tigkeiten zu minimieren, nat\u00fcrliche Ressourcen zu sch\u00fctzen und zur Verbesserung der Lebensqualit\u00e4t unserer Gesellschaft beizutragen.<\/p>\t<\/div>\n<\/div>\t\t\t\t<\/div>\n\t\t\t\t<\/div>\n\t\t\t\t<\/div>\r\n\t\t<div class=\"elementor-element elementor-element-d9409c4 e-con-full e-flex e-con e-child \" data-id=\"d9409c4\" data-element_type=\"container\" data-e-type=\"container\">\t\t<div class=\"elementor-element elementor-element-e1ab40c elementor-widget elementor-widget-pxl_text_editor\" data-id=\"e1ab40c\" data-element_type=\"widget\" data-e-type=\"widget\" data-widget_type=\"pxl_text_editor.default\">\n\t\t\t\t<div class=\"elementor-widget-container\">\n\t\t\t\t\t<div class=\"pxl-text-editor\">\n\t<div class=\"pxl-item--inner  ft-theme\" data-wow-delay=\"ms\">\n\t\t<ol><li class=\"isSelectedEnd\">Wir f\u00fchren s\u00e4mtliche Aktivit\u00e4ten in vollst\u00e4ndiger \u00dcbereinstimmung mit lokalen, nationalen und internationalen Umweltvorschriften durch. \u00dcber die gesetzlichen Anforderungen hinaus \u00fcberpr\u00fcfen und implementieren wir kontinuierlich anerkannte Umweltstandards sowie bew\u00e4hrte Best Practices.<\/li><li class=\"isSelectedEnd\">Durch den effizienten Einsatz von Ressourcen minimieren wir die Abfallmengen. Unsere Abf\u00e4lle werden mit geeigneten Methoden recycelt, und wir setzen kontinuierliche Verbesserungsma\u00dfnahmen um, um die Abfallerzeugung nachhaltig zu reduzieren.<\/li><li class=\"isSelectedEnd\">Wir sch\u00fctzen nat\u00fcrliche Ressourcen durch den effizienten Einsatz von Energie und Wasser. Zur Steigerung der Effizienz \u00fcberwachen, bewerten und optimieren wir unseren Energie- und Wasserverbrauch kontinuierlich.<\/li><li class=\"isSelectedEnd\">Wir identifizieren und bewerten potenzielle Umweltrisiken und ergreifen geeignete Ma\u00dfnahmen zu deren Minimierung. Unsere Notfallpl\u00e4ne werden regelm\u00e4\u00dfig \u00fcberpr\u00fcft, und unsere Mitarbeitenden werden geschult, um im Falle umweltrelevanter Ereignisse schnell und effektiv reagieren zu k\u00f6nnen.<\/li><li class=\"isSelectedEnd\">Unsere Mitarbeitenden und Lieferanten werden im Bereich der Umweltverantwortung geschult, und ihre aktive Beteiligung wird gef\u00f6rdert. In Zusammenarbeit mit unseren Stakeholdern tragen wir zur Steigerung des Umweltbewusstseins in der Gesellschaft bei.<\/li><li class=\"isSelectedEnd\">Unsere Umweltleistung wird kontinuierlich \u00fcberwacht, gemessen und bewertet. Wir ber\u00fccksichtigen R\u00fcckmeldungen und setzen fortlaufend Verbesserungsziele, um die Umweltauswirkungen unseres Unternehmens weiter zu reduzieren.<\/li><\/ol><p>Diese Politik bietet einen klaren Rahmen zur Steuerung und kontinuierlichen Verbesserung der Umweltleistung von Greenal. Gemeinsam mit unseren Mitarbeitenden, Lieferanten, Kunden und der Gesellschaft werden wir unsere Verantwortung gegen\u00fcber der Umwelt konsequent wahrnehmen.<\/p>\t<\/div>\n<\/div>\t\t\t\t<\/div>\n\t\t\t\t<\/div>\n\t\t\t\t<\/div>\r\n\t\t\t\t\t<\/div>\r\n\t\t\t\t<\/div>\r\n\t\t\t\t<\/div>\n\t\t","protected":false},"excerpt":{"rendered":"<p>Als Greenal verpflichten wir uns mit unserer Umwelt- und Gesundheitspolitik dazu, die Umweltauswirkungen unserer Gesch\u00e4ftst\u00e4tigkeiten zu minimieren, nat\u00fcrliche Ressourcen zu sch\u00fctzen und zur Verbesserung der Lebensqualit\u00e4t unserer Gesellschaft beizutragen. Wir f\u00fchren s\u00e4mtliche Aktivit\u00e4ten in vollst\u00e4ndiger \u00dcbereinstimmung mit lokalen, nationalen und internationalen Umweltvorschriften durch. \u00dcber die gesetzlichen Anforderungen hinaus \u00fcberpr\u00fcfen und implementieren wir kontinuierlich anerkannte Umweltstandards [&hellip;]<\/p>\n","protected":false},"author":1,"featured_media":0,"parent":0,"menu_order":0,"comment_status":"closed","ping_status":"closed","template":"","meta":{"footnotes":""},"class_list":["post-5130","page","type-page","status-publish","hentry"],"_links":{"self":[{"href":"https:\/\/de.greenal.com\/index.php?rest_route=\/wp\/v2\/pages\/5130","targetHints":{"allow":["GET"]}}],"collection":[{"href":"https:\/\/de.greenal.com\/index.php?rest_route=\/wp\/v2\/pages"}],"about":[{"href":"https:\/\/de.greenal.com\/index.php?rest_route=\/wp\/v2\/types\/page"}],"author":[{"embeddable":true,"href":"https:\/\/de.greenal.com\/index.php?rest_route=\/wp\/v2\/users\/1"}],"replies":[{"embeddable":true,"href":"https:\/\/de.greenal.com\/index.php?rest_route=%2Fwp%2Fv2%2Fcomments&post=5130"}],"version-history":[{"count":4,"href":"https:\/\/de.greenal.com\/index.php?rest_route=\/wp\/v2\/pages\/5130\/revisions"}],"predecessor-version":[{"id":5134,"href":"https:\/\/de.greenal.com\/index.php?rest_route=\/wp\/v2\/pages\/5130\/revisions\/5134"}],"wp:attachment":[{"href":"https:\/\/de.greenal.com\/index.php?rest_route=%2Fwp%2Fv2%2Fmedia&parent=5130"}],"curies":[{"name":"wp","href":"https:\/\/api.w.org\/{rel}","templated":true}]}}