{"id":5107,"date":"2026-01-23T19:01:20","date_gmt":"2026-01-23T19:01:20","guid":{"rendered":"https:\/\/de.greenal.com\/?page_id=5107"},"modified":"2026-02-16T10:21:20","modified_gmt":"2026-02-16T10:21:20","slug":"verhaltenskodex","status":"publish","type":"page","link":"https:\/\/de.greenal.com\/?page_id=5107","title":{"rendered":"Verhaltenskodex"},"content":{"rendered":"\t\t<div data-elementor-type=\"wp-page\" data-elementor-id=\"5107\" class=\"elementor elementor-5107\">\n\t\t\t\t<div class=\"elementor-element elementor-element-c960a80 e-flex e-con-boxed e-con e-parent \" data-id=\"c960a80\" data-element_type=\"container\" data-e-type=\"container\">\t\t\t<div class=\"e-con-inner\">\r\n\t\t\t\t<div class=\"elementor-element elementor-element-bdfa941 elementor-widget__width-initial elementor-widget elementor-widget-pxl_image\" data-id=\"bdfa941\" data-element_type=\"widget\" data-e-type=\"widget\" data-widget_type=\"pxl_image.default\">\n\t\t\t\t<div class=\"elementor-widget-container\">\n\t\t\t\t\t<div class=\"pxl-image-single no  \" data-wow-delay=\"ms\" data-maxtilt=\"\" data-speedtilt=\"\">\r\n                        <div class=\"pxl-item--inner\">\r\n                                    <img fetchpriority=\"high\" decoding=\"async\" width=\"750\" height=\"1102\" src=\"https:\/\/de.greenal.com\/wp-content\/uploads\/2026\/01\/greenal-banner-155s933.jpg\" class=\"no-lazyload attachment-full\" alt=\"\" \/>                            <\/div>\r\n            <\/div> \t\t\t\t<\/div>\n\t\t\t\t<\/div>\n\t\t\t\t<div class=\"elementor-element elementor-element-b088541 elementor-widget__width-inherit elementor-widget elementor-widget-pxl_text_editor\" data-id=\"b088541\" data-element_type=\"widget\" data-e-type=\"widget\" data-widget_type=\"pxl_text_editor.default\">\n\t\t\t\t<div class=\"elementor-widget-container\">\n\t\t\t\t\t<div class=\"pxl-text-editor\">\n\t<div class=\"pxl-item--inner  ft-theme\" data-wow-delay=\"ms\">\n\t\t<h3 data-start=\"259\" data-end=\"299\"><strong data-start=\"263\" data-end=\"299\">Willkommen bei Greenal Aluminium<\/strong><\/h3><p>\u00a0<\/p><p data-start=\"301\" data-end=\"759\">Als l\u00f6sungsorientierter und dynamischer Hersteller von Aluminium-Extrusionsprofilen verpflichten wir uns, unsere Gesch\u00e4ftst\u00e4tigkeit nach den h\u00f6chsten ethischen Standards auszuf\u00fchren. Dieser Verhaltenskodex fasst die Grunds\u00e4tze und Richtlinien zusammen, die das Verhalten unserer Mitarbeiter, Lieferanten und Gesch\u00e4ftspartner bestimmen. Durch die Einhaltung dieser Prinzipien st\u00e4rken wir unser Engagement f\u00fcr Integrit\u00e4t, Verantwortlichkeit und Nachhaltigkeit.<\/p><p data-start=\"301\" data-end=\"759\">\u00a0<\/p><hr data-start=\"761\" data-end=\"764\" \/><h3 data-start=\"766\" data-end=\"819\">\u00a0<\/h3><h3 data-start=\"766\" data-end=\"819\"><strong data-start=\"770\" data-end=\"817\">1. Einhaltung von Gesetzen und Vorschriften<\/strong><\/h3><p>\u00a0<\/p><p data-start=\"820\" data-end=\"1054\">Alle Mitarbeiter sind verpflichtet, die f\u00fcr unsere Gesch\u00e4ftst\u00e4tigkeit geltenden lokalen, nationalen und internationalen Gesetze und Vorschriften einzuhalten. Jegliches rechtswidrige oder unethische Verhalten ist strengstens untersagt.<\/p><p data-start=\"820\" data-end=\"1054\">\u00a0<\/p><h3 data-start=\"1056\" data-end=\"1095\"><strong data-start=\"1060\" data-end=\"1093\">2. Integrit\u00e4t und Ehrlichkeit<\/strong><\/h3><p>\u00a0<\/p><p data-start=\"1096\" data-end=\"1317\">Wir f\u00fchren unsere Gesch\u00e4fte ehrlich und verantwortungsvoll. Dazu geh\u00f6ren faire Behandlung, Transparenz sowie eine offene und wahrheitsgem\u00e4\u00dfe Kommunikation mit Kollegen, Kunden, Lieferanten und allen weiteren Stakeholdern.<\/p><p data-start=\"1096\" data-end=\"1317\">\u00a0<\/p><h3 data-start=\"1319\" data-end=\"1351\"><strong data-start=\"1323\" data-end=\"1349\">3. Interessenkonflikte<\/strong><\/h3><p>\u00a0<\/p><p data-start=\"1352\" data-end=\"1611\">Mitarbeiter m\u00fcssen Situationen vermeiden, in denen pers\u00f6nliche Interessen mit den Interessen von Greenal Aluminium in Konflikt geraten k\u00f6nnten. Potenzielle Interessenkonflikte sind unverz\u00fcglich dem zust\u00e4ndigen Vorgesetzten oder der Gesch\u00e4ftsleitung zu melden.<\/p><p data-start=\"1352\" data-end=\"1611\">\u00a0<\/p><h3 data-start=\"1613\" data-end=\"1651\"><strong data-start=\"1617\" data-end=\"1649\">5. Gesundheit und Sicherheit<\/strong><\/h3><p>\u00a0<\/p><p data-start=\"1652\" data-end=\"1899\">Die Schaffung eines sicheren und gesunden Arbeitsumfeldes hat h\u00f6chste Priorit\u00e4t. Alle Mitarbeiter sind verpflichtet, Sicherheitsvorschriften einzuhalten, Gefahren zu melden und aktiv zur Aufrechterhaltung eines sicheren Arbeitsplatzes beizutragen.<\/p><p data-start=\"1652\" data-end=\"1899\">\u00a0<\/p><h3 data-start=\"1901\" data-end=\"1933\"><strong data-start=\"1905\" data-end=\"1931\">6. Umweltverantwortung<\/strong><\/h3><p>\u00a0<\/p><p data-start=\"1934\" data-end=\"2171\">Als Aluminium-Extrusionshersteller setzen wir uns daf\u00fcr ein, unsere Umweltbelastung so gering wie m\u00f6glich zu halten. Mitarbeiter unterst\u00fctzen unsere Nachhaltigkeitsziele, reduzieren Abf\u00e4lle und halten umweltfreundliche Arbeitsweisen ein.<\/p><p data-start=\"1934\" data-end=\"2171\">\u00a0<\/p><h3 data-start=\"2173\" data-end=\"2218\"><strong data-start=\"2177\" data-end=\"2216\">7. Qualit\u00e4t und Kundenzufriedenheit<\/strong><\/h3><p>\u00a0<\/p><p data-start=\"2219\" data-end=\"2457\">Wir streben nach h\u00f6chster Qualit\u00e4t unserer Produkte und Dienstleistungen. Von unseren Mitarbeitern erwarten wir die Einhaltung hoher Standards, die Erf\u00fcllung der Kundenerwartungen sowie die kontinuierliche Verbesserung unserer Leistungen.<\/p><p data-start=\"2219\" data-end=\"2457\">\u00a0<\/p><h3 data-start=\"2459\" data-end=\"2489\"><strong data-start=\"2463\" data-end=\"2487\">8. Fairer Wettbewerb<\/strong><\/h3><p>\u00a0<\/p><p data-start=\"2490\" data-end=\"2676\">Wir konkurrieren fair und ethisch am Markt. Wettbewerbswidrige Praktiken wie Preisabsprachen, Manipulation von Ausschreibungen oder andere unfaire Gesch\u00e4ftsmethoden sind strikt verboten.<\/p><p data-start=\"2490\" data-end=\"2676\">\u00a0<\/p><h3 data-start=\"2678\" data-end=\"2722\"><strong data-start=\"2682\" data-end=\"2720\">9. Zusammenarbeit mit Stakeholdern<\/strong><\/h3><p>\u00a0<\/p><p data-start=\"2723\" data-end=\"2886\">Wir f\u00f6rdern ein respektvolles, vielf\u00e4ltiges und inklusives Arbeitsumfeld. Diskriminierung, Bel\u00e4stigung oder respektloses Verhalten werden in keiner Form toleriert.<\/p><p data-start=\"2723\" data-end=\"2886\">\u00a0<\/p><h3 data-start=\"2888\" data-end=\"2941\"><strong data-start=\"2892\" data-end=\"2939\">10. Kontinuierliche \u00dcberwachung und Meldung<\/strong><\/h3><p>\u00a0<\/p><p data-start=\"2942\" data-end=\"3194\">Mitarbeiter werden dazu ermutigt, Verst\u00f6\u00dfe gegen diesen Verhaltenskodex ihren Vorgesetzten, der Gesch\u00e4ftsleitung oder \u00fcber bestehende Meldesysteme zu berichten. Gegen Personen, die in gutem Glauben Meldung erstatten, sind Repressalien strikt untersagt.<\/p><p data-start=\"2942\" data-end=\"3194\">\u00a0<\/p><hr data-start=\"3196\" data-end=\"3199\" \/><h3 data-start=\"3201\" data-end=\"3222\">\u00a0<\/h3><h3 data-start=\"3201\" data-end=\"3222\"><strong data-start=\"3205\" data-end=\"3220\">Schlusswort<\/strong><\/h3><p>\u00a0<\/p><p data-start=\"3223\" data-end=\"3484\">Durch die Einhaltung dieses Verhaltenskodex tragen wir gemeinsam zum Erfolg und zum guten Ruf von Greenal Aluminium bei. Jeder Mitarbeiter spielt eine entscheidende Rolle bei der Umsetzung dieser Grunds\u00e4tze und bei der Schaffung eines positiven Arbeitsumfeldes.<\/p><p data-start=\"3223\" data-end=\"3484\">\u00a0<\/p><p data-start=\"3486\" data-end=\"3649\">Dieser Verhaltenskodex unterliegt regelm\u00e4\u00dfigen \u00dcberpr\u00fcfungen und Aktualisierungen. Alle Mitarbeiter sind daf\u00fcr verantwortlich, sich \u00fcber \u00c4nderungen zu informieren.<\/p><p data-start=\"3486\" data-end=\"3649\">\u00a0<\/p><p data-start=\"3651\" data-end=\"3766\">Wir danken Ihnen f\u00fcr Ihr Engagement f\u00fcr ethisches Verhalten und f\u00fcr Ihren Beitrag zum Erfolg von Greenal Aluminium.<\/p><p data-start=\"3651\" data-end=\"3766\">\u00a0<\/p><p data-start=\"3768\" data-end=\"3806\"><strong data-start=\"3768\" data-end=\"3806\">Der Vorstand von Greenal Aluminium<\/strong><\/p>\t<\/div>\n<\/div>\t\t\t\t<\/div>\n\t\t\t\t<\/div>\n\t\t\t\t\t<\/div>\r\n\t\t\t\t<\/div>\r\n\t\t\t\t<\/div>\n\t\t","protected":false},"excerpt":{"rendered":"<p>Willkommen bei Greenal Aluminium \u00a0 Als l\u00f6sungsorientierter und dynamischer Hersteller von Aluminium-Extrusionsprofilen verpflichten wir uns, unsere Gesch\u00e4ftst\u00e4tigkeit nach den h\u00f6chsten ethischen Standards auszuf\u00fchren. Dieser Verhaltenskodex fasst die Grunds\u00e4tze und Richtlinien zusammen, die das Verhalten unserer Mitarbeiter, Lieferanten und Gesch\u00e4ftspartner bestimmen. Durch die Einhaltung dieser Prinzipien st\u00e4rken wir unser Engagement f\u00fcr Integrit\u00e4t, Verantwortlichkeit und Nachhaltigkeit. \u00a0 [&hellip;]<\/p>\n","protected":false},"author":1,"featured_media":0,"parent":0,"menu_order":0,"comment_status":"closed","ping_status":"closed","template":"","meta":{"footnotes":""},"class_list":["post-5107","page","type-page","status-publish","hentry"],"_links":{"self":[{"href":"https:\/\/de.greenal.com\/index.php?rest_route=\/wp\/v2\/pages\/5107","targetHints":{"allow":["GET"]}}],"collection":[{"href":"https:\/\/de.greenal.com\/index.php?rest_route=\/wp\/v2\/pages"}],"about":[{"href":"https:\/\/de.greenal.com\/index.php?rest_route=\/wp\/v2\/types\/page"}],"author":[{"embeddable":true,"href":"https:\/\/de.greenal.com\/index.php?rest_route=\/wp\/v2\/users\/1"}],"replies":[{"embeddable":true,"href":"https:\/\/de.greenal.com\/index.php?rest_route=%2Fwp%2Fv2%2Fcomments&post=5107"}],"version-history":[{"count":13,"href":"https:\/\/de.greenal.com\/index.php?rest_route=\/wp\/v2\/pages\/5107\/revisions"}],"predecessor-version":[{"id":5122,"href":"https:\/\/de.greenal.com\/index.php?rest_route=\/wp\/v2\/pages\/5107\/revisions\/5122"}],"wp:attachment":[{"href":"https:\/\/de.greenal.com\/index.php?rest_route=%2Fwp%2Fv2%2Fmedia&parent=5107"}],"curies":[{"name":"wp","href":"https:\/\/api.w.org\/{rel}","templated":true}]}}