{"id":5088,"date":"2026-01-23T18:17:54","date_gmt":"2026-01-23T18:17:54","guid":{"rendered":"https:\/\/de.greenal.com\/?page_id=5088"},"modified":"2026-02-16T08:48:01","modified_gmt":"2026-02-16T08:48:01","slug":"elementor-5088","status":"publish","type":"page","link":"https:\/\/de.greenal.com\/?page_id=5088","title":{"rendered":"Unsere Zertifikate"},"content":{"rendered":"\t\t<div data-elementor-type=\"wp-page\" data-elementor-id=\"5088\" class=\"elementor elementor-5088\">\n\t\t\t\t<div class=\"elementor-element elementor-element-79719e4 e-flex e-con-boxed e-con e-parent \" data-id=\"79719e4\" data-element_type=\"container\" data-e-type=\"container\">\t\t\t<div class=\"e-con-inner\">\r\n\t\t\t\t<div class=\"elementor-element elementor-element-a5774d5 elementor-widget elementor-widget-pxl_text_editor\" data-id=\"a5774d5\" data-element_type=\"widget\" data-e-type=\"widget\" data-widget_type=\"pxl_text_editor.default\">\n\t\t\t\t<div class=\"elementor-widget-container\">\n\t\t\t\t\t<div class=\"pxl-text-editor\">\n\t<div class=\"pxl-item--inner  ft-theme\" data-wow-delay=\"ms\">\n\t\t<p data-start=\"153\" data-end=\"366\">\u00a0<\/p><p data-start=\"153\" data-end=\"366\">Der gesamte Produktionsprozess wird von Anfang an bis zur Auslieferung aus dem Werk l\u00fcckenlos \u00fcberwacht. Wir sind uns bewusst, dass Qualit\u00e4t kein Zufall ist, sondern Wissen, Technologie und Engagement erfordert.<\/p><p data-start=\"368\" data-end=\"582\">Die Kommunikation mit Greenal ist einfach und effektiv. Wir wissen, dass Ihre Zeit wertvoll ist, und handeln entsprechend. Schnelle und pr\u00e4zise R\u00fcckmeldungen sind ein fester Bestandteil unserer Unternehmenspolitik.<\/p><p data-start=\"368\" data-end=\"582\">\u00a0<\/p>\t<\/div>\n<\/div>\t\t\t\t<\/div>\n\t\t\t\t<\/div>\n\t\t\t\t\t<\/div>\r\n\t\t\t\t<\/div>\r\n\t\t<div class=\"elementor-element elementor-element-56b6110 e-flex e-con-boxed e-con e-parent \" data-id=\"56b6110\" data-element_type=\"container\" data-e-type=\"container\">\t\t\t<div class=\"e-con-inner\">\r\n\t\t<div class=\"elementor-element elementor-element-ecbe622 e-con-full e-flex e-con e-child \" data-id=\"ecbe622\" data-element_type=\"container\" data-e-type=\"container\">\t\t<div class=\"elementor-element elementor-element-a12e02e elementor-widget elementor-widget-pxl_image\" data-id=\"a12e02e\" data-element_type=\"widget\" data-e-type=\"widget\" data-widget_type=\"pxl_image.default\">\n\t\t\t\t<div class=\"elementor-widget-container\">\n\t\t\t\t\t<div class=\"pxl-image-single no  \" data-wow-delay=\"ms\" data-maxtilt=\"\" data-speedtilt=\"\">\r\n                        <div class=\"pxl-item--inner\">\r\n                                    <img fetchpriority=\"high\" decoding=\"async\" width=\"979\" height=\"1497\" src=\"https:\/\/de.greenal.com\/wp-content\/uploads\/2026\/01\/24.06.2025-1133-Microsoft-Lens-pdf-1.jpg\" class=\"no-lazyload attachment-full\" alt=\"\" \/>                            <\/div>\r\n            <\/div> \t\t\t\t<\/div>\n\t\t\t\t<\/div>\n\t\t\t\t<\/div>\r\n\t\t<div class=\"elementor-element elementor-element-fa11bfb e-con-full e-flex e-con e-child \" data-id=\"fa11bfb\" data-element_type=\"container\" data-e-type=\"container\">\t\t<div class=\"elementor-element elementor-element-3ee02dd elementor-widget__width-inherit elementor-widget elementor-widget-pxl_image\" data-id=\"3ee02dd\" data-element_type=\"widget\" data-e-type=\"widget\" data-widget_type=\"pxl_image.default\">\n\t\t\t\t<div class=\"elementor-widget-container\">\n\t\t\t\t\t<div class=\"pxl-image-single no  \" data-wow-delay=\"ms\" data-maxtilt=\"\" data-speedtilt=\"\">\r\n                        <div class=\"pxl-item--inner\">\r\n                                    <img decoding=\"async\" width=\"960\" height=\"1497\" src=\"https:\/\/de.greenal.com\/wp-content\/uploads\/2026\/01\/26.06.2025-1600-Microsoft-Lens-pdf-1.jpg\" class=\"no-lazyload attachment-full\" alt=\"\" \/>                            <\/div>\r\n            <\/div> \t\t\t\t<\/div>\n\t\t\t\t<\/div>\n\t\t\t\t<\/div>\r\n\t\t<div class=\"elementor-element elementor-element-5c8a056 e-con-full e-flex e-con e-child \" data-id=\"5c8a056\" data-element_type=\"container\" data-e-type=\"container\">\t\t<div class=\"elementor-element elementor-element-969a8c8 elementor-widget elementor-widget-pxl_image\" data-id=\"969a8c8\" data-element_type=\"widget\" data-e-type=\"widget\" data-widget_type=\"pxl_image.default\">\n\t\t\t\t<div class=\"elementor-widget-container\">\n\t\t\t\t\t<div class=\"pxl-image-single no  \" data-wow-delay=\"ms\" data-maxtilt=\"\" data-speedtilt=\"\">\r\n                        <div class=\"pxl-item--inner\">\r\n                                    <img decoding=\"async\" width=\"1058\" height=\"1497\" src=\"https:\/\/de.greenal.com\/wp-content\/uploads\/2026\/01\/GREENAL-ALUMINYUM-10002-pdf-1.jpg\" class=\"no-lazyload attachment-full\" alt=\"\" \/>                            <\/div>\r\n            <\/div> \t\t\t\t<\/div>\n\t\t\t\t<\/div>\n\t\t\t\t<\/div>\r\n\t\t<div class=\"elementor-element elementor-element-434e6bc e-con-full e-flex e-con e-child \" data-id=\"434e6bc\" data-element_type=\"container\" data-e-type=\"container\">\t\t<div class=\"elementor-element elementor-element-8e7dcd2 elementor-widget__width-inherit elementor-widget elementor-widget-pxl_image\" data-id=\"8e7dcd2\" data-element_type=\"widget\" data-e-type=\"widget\" data-widget_type=\"pxl_image.default\">\n\t\t\t\t<div class=\"elementor-widget-container\">\n\t\t\t\t\t<div class=\"pxl-image-single no  \" data-wow-delay=\"ms\" data-maxtilt=\"\" data-speedtilt=\"\">\r\n                        <div class=\"pxl-item--inner\">\r\n                                    <img loading=\"lazy\" decoding=\"async\" width=\"1058\" height=\"1497\" src=\"https:\/\/de.greenal.com\/wp-content\/uploads\/2026\/01\/GREENAL-ALUMINYUM-9001-pdf-1.jpg\" class=\"no-lazyload attachment-full\" alt=\"\" \/>                            <\/div>\r\n            <\/div> \t\t\t\t<\/div>\n\t\t\t\t<\/div>\n\t\t\t\t<\/div>\r\n\t\t<div class=\"elementor-element elementor-element-e963ae0 e-con-full e-flex e-con e-child \" data-id=\"e963ae0\" data-element_type=\"container\" data-e-type=\"container\">\t\t<div class=\"elementor-element elementor-element-c2c7f7f elementor-widget elementor-widget-pxl_image\" data-id=\"c2c7f7f\" data-element_type=\"widget\" data-e-type=\"widget\" data-widget_type=\"pxl_image.default\">\n\t\t\t\t<div class=\"elementor-widget-container\">\n\t\t\t\t\t<div class=\"pxl-image-single no  \" data-wow-delay=\"ms\" data-maxtilt=\"\" data-speedtilt=\"\">\r\n                        <div class=\"pxl-item--inner\">\r\n                                    <img decoding=\"async\" width=\"1058\" height=\"1497\" src=\"https:\/\/de.greenal.com\/wp-content\/uploads\/2026\/01\/GREENAL-ALUMINYUM-10002-pdf-1.jpg\" class=\"no-lazyload attachment-full\" alt=\"\" \/>                            <\/div>\r\n            <\/div> \t\t\t\t<\/div>\n\t\t\t\t<\/div>\n\t\t\t\t<\/div>\r\n\t\t<div class=\"elementor-element elementor-element-7951a66 e-con-full e-flex e-con e-child \" data-id=\"7951a66\" data-element_type=\"container\" data-e-type=\"container\">\t\t<div class=\"elementor-element elementor-element-fccdf38 elementor-widget elementor-widget-pxl_image\" data-id=\"fccdf38\" data-element_type=\"widget\" data-e-type=\"widget\" data-widget_type=\"pxl_image.default\">\n\t\t\t\t<div class=\"elementor-widget-container\">\n\t\t\t\t\t<div class=\"pxl-image-single no  \" data-wow-delay=\"ms\" data-maxtilt=\"\" data-speedtilt=\"\">\r\n                        <div class=\"pxl-item--inner\">\r\n                                    <img loading=\"lazy\" decoding=\"async\" width=\"1058\" height=\"1497\" src=\"https:\/\/de.greenal.com\/wp-content\/uploads\/2026\/01\/GREENAL-ALUMINYUM-45001-pdf-1.jpg\" class=\"no-lazyload attachment-full\" alt=\"\" \/>                            <\/div>\r\n            <\/div> \t\t\t\t<\/div>\n\t\t\t\t<\/div>\n\t\t\t\t<\/div>\r\n\t\t\t\t\t<\/div>\r\n\t\t\t\t<\/div>\r\n\t\t\t\t<\/div>\n\t\t","protected":false},"excerpt":{"rendered":"<p>\u00a0 Der gesamte Produktionsprozess wird von Anfang an bis zur Auslieferung aus dem Werk l\u00fcckenlos \u00fcberwacht. Wir sind uns bewusst, dass Qualit\u00e4t kein Zufall ist, sondern Wissen, Technologie und Engagement erfordert. Die Kommunikation mit Greenal ist einfach und effektiv. Wir wissen, dass Ihre Zeit wertvoll ist, und handeln entsprechend. Schnelle und pr\u00e4zise R\u00fcckmeldungen sind ein [&hellip;]<\/p>\n","protected":false},"author":1,"featured_media":0,"parent":0,"menu_order":0,"comment_status":"closed","ping_status":"closed","template":"","meta":{"footnotes":""},"class_list":["post-5088","page","type-page","status-publish","hentry"],"_links":{"self":[{"href":"https:\/\/de.greenal.com\/index.php?rest_route=\/wp\/v2\/pages\/5088","targetHints":{"allow":["GET"]}}],"collection":[{"href":"https:\/\/de.greenal.com\/index.php?rest_route=\/wp\/v2\/pages"}],"about":[{"href":"https:\/\/de.greenal.com\/index.php?rest_route=\/wp\/v2\/types\/page"}],"author":[{"embeddable":true,"href":"https:\/\/de.greenal.com\/index.php?rest_route=\/wp\/v2\/users\/1"}],"replies":[{"embeddable":true,"href":"https:\/\/de.greenal.com\/index.php?rest_route=%2Fwp%2Fv2%2Fcomments&post=5088"}],"version-history":[{"count":10,"href":"https:\/\/de.greenal.com\/index.php?rest_route=\/wp\/v2\/pages\/5088\/revisions"}],"predecessor-version":[{"id":5106,"href":"https:\/\/de.greenal.com\/index.php?rest_route=\/wp\/v2\/pages\/5088\/revisions\/5106"}],"wp:attachment":[{"href":"https:\/\/de.greenal.com\/index.php?rest_route=%2Fwp%2Fv2%2Fmedia&parent=5088"}],"curies":[{"name":"wp","href":"https:\/\/api.w.org\/{rel}","templated":true}]}}